{"id":3234,"date":"2016-12-23T13:06:03","date_gmt":"2016-12-23T19:06:03","guid":{"rendered":"https:\/\/www.kplr.mx\/?page_id=3234"},"modified":"2021-12-08T14:55:27","modified_gmt":"2021-12-08T20:55:27","slug":"magdalena-contreras","status":"publish","type":"page","link":"https:\/\/www.kplr.mx\/k\/magdalena-contreras\/","title":{"rendered":"La Magdalena Contreras"},"content":{"rendered":"<p>[et_pb_section fb_built=&#8221;1&#8243; fullwidth=&#8221;on&#8221; _builder_version=&#8221;3.22&#8243; custom_padding=&#8221;0px|0px|0|0px|false|false&#8221;][et_pb_fullwidth_header title=&#8221;Magdalena Contreras&#8221; header_scroll_down=&#8221;on&#8221; scroll_down_icon=&#8221;%%2%%&#8221; scroll_down_icon_color=&#8221;#ffffff&#8221; scroll_down_icon_size=&#8221;40px&#8221; background_overlay_color=&#8221;rgba(0,0,0,0.2)&#8221; _builder_version=&#8221;3.21.4&#8243; title_font=&#8221;|700|||||||&#8221; title_text_align=&#8221;center&#8221; title_font_size=&#8221;40px&#8221; content_font=&#8221;|600|||||||&#8221; content_text_align=&#8221;center&#8221; subhead_font=&#8221;||||||||&#8221; background_color=&#8221;rgba(51,51,51,0)&#8221; background_image=&#8221;https:\/\/www.kplr.mx\/k\/wp-content\/uploads\/2019\/07\/MC1.png&#8221; custom_padding=&#8221;20px||80px&#8221;]<\/p>\n<p style=\"text-align: center;\"><span style=\"font-size: xx-large;\"><\/span><\/p>\n<p>&nbsp;<\/p>\n<p>&nbsp;<\/p>\n<p>&nbsp;<\/p>\n<p style=\"text-align: center;\"><span style=\"font-size: x-large;\"><span>Con una superficie de mas de 63 kil\u00f3metros cuadrados, est\u00e1 alcald\u00eda tiene una poblaci\u00f3n de 239,086 habitantes densificados en 7,799 habitantes por kil\u00f3metro cuadrado. <\/span><\/span><\/p>\n<p style=\"text-align: center;\"><span style=\"font-size: x-large;\"><span><\/span><\/span><\/p>\n<p style=\"text-align: center;\"><span style=\"font-size: x-large;\"><span><\/span><\/span><\/p>\n<p style=\"text-align: center;\"><span style=\"font-size: x-large;\"><span><\/span><\/span><\/p>\n<p style=\"text-align: center;\"><span style=\"font-size: x-large;\"><span>El tama\u00f1o de la vivienda nueva promedio de la alcald\u00eda es de 270 metros cuadrados.<\/span><\/span><\/p>\n<p style=\"text-align: center;\"><span style=\"font-size: small;\">Fuente: INEGI<\/span><\/p>\n<p>&nbsp;<\/p>\n<p><span style=\"font-size: x-large;\">\u00a0<\/span><\/p>\n<p>&nbsp;<\/p>\n<p>&nbsp;<\/p>\n<p>&nbsp;<\/p>\n<p>[\/et_pb_fullwidth_header][\/et_pb_section][et_pb_section fb_built=&#8221;1&#8243; custom_padding_last_edited=&#8221;on|desktop&#8221; admin_label=&#8221;section&#8221; _builder_version=&#8221;3.22&#8243; custom_margin=&#8221;0px|0px|0px|0px&#8221; custom_padding=&#8221;0px|0px|0px|0px&#8221; custom_padding_tablet=&#8221;50px|0|50px|0&#8243; custom_padding_phone=&#8221;0px|0px|0px|0px&#8221; transparent_background=&#8221;off&#8221; padding_mobile=&#8221;off&#8221;][et_pb_row use_custom_gutter=&#8221;on&#8221; gutter_width=&#8221;1&#8243; column_padding_mobile=&#8221;on&#8221; admin_label=&#8221;row&#8221; module_class=&#8221; et_pb_row_fullwidth&#8221; _builder_version=&#8221;3.25&#8243; background_size=&#8221;initial&#8221; background_position=&#8221;top_left&#8221; background_repeat=&#8221;repeat&#8221; width=&#8221;100%&#8221; width_tablet=&#8221;100%&#8221; width_phone=&#8221;&#8221; width_last_edited=&#8221;on|desktop&#8221; max_width=&#8221;100%&#8221; max_width_tablet=&#8221;100%&#8221; max_width_phone=&#8221;&#8221; max_width_last_edited=&#8221;on|desktop&#8221; custom_padding=&#8221;0|0px|0px|0px|false|false&#8221; make_fullwidth=&#8221;on&#8221;][et_pb_column type=&#8221;4_4&#8243; _builder_version=&#8221;3.25&#8243; custom_padding=&#8221;|||&#8221; custom_padding__hover=&#8221;|||&#8221;][et_pb_portfolio fullwidth=&#8221;off&#8221; posts_number=&#8221;24&#8243; include_categories=&#8221;111&#8243; zoom_icon_color=&#8221;#7cda24&#8243; hover_overlay_color=&#8221;rgba(79,79,79,0.49)&#8221; hover_icon=&#8221;%%189%%&#8221; admin_label=&#8221;Portfolio&#8221; _builder_version=&#8221;4.9.0&#8243; title_font=&#8221;|600|||||||&#8221; title_text_align=&#8221;left&#8221; title_font_size=&#8221;16px&#8221; title_line_height=&#8221;1em&#8221; caption_font=&#8221;||||||||&#8221; caption_text_align=&#8221;left&#8221; caption_text_color=&#8221;#58ba1f&#8221; caption_font_size=&#8221;12px&#8221; pagination_font=&#8221;||||||||&#8221; pagination_line_height=&#8221;1.5em&#8221; background_size=&#8221;initial&#8221; background_position=&#8221;top_left&#8221; background_repeat=&#8221;repeat&#8221; text_orientation=&#8221;center&#8221; custom_margin=&#8221;0px|0px|0px|0px|false|false&#8221; custom_padding=&#8221;0px|0px|0px|0px|false|false&#8221; hover_enabled=&#8221;0&#8243; border_width_all=&#8221;5px&#8221; border_color_all=&#8221;RGBA(0,0,0,0)&#8221; border_radii_image=&#8221;on|10px|10px|10px|10px&#8221; border_color_all_image=&#8221;#ffffff&#8221; use_border_color=&#8221;off&#8221; border_color=&#8221;#ffffff&#8221; border_style=&#8221;solid&#8221; border_radii_image__hover_enabled=&#8221;on|desktop&#8221; border_radii_image__hover=&#8221;on||||&#8221; locked=&#8221;off&#8221; sticky_enabled=&#8221;0&#8243;] [\/et_pb_portfolio][\/et_pb_column][\/et_pb_row][\/et_pb_section]<\/p>\n","protected":false},"excerpt":{"rendered":"<p>&nbsp; &nbsp; &nbsp; Con una superficie de mas de 63 kil\u00f3metros cuadrados, est\u00e1 alcald\u00eda tiene una poblaci\u00f3n de 239,086 habitantes densificados en 7,799 habitantes por kil\u00f3metro cuadrado. El tama\u00f1o de la vivienda nueva promedio de la alcald\u00eda es de 270 metros cuadrados. Fuente: INEGI &nbsp; \u00a0 &nbsp; &nbsp; &nbsp;<\/p>\n","protected":false},"author":2,"featured_media":0,"parent":0,"menu_order":0,"comment_status":"closed","ping_status":"closed","template":"","meta":{"_et_pb_use_builder":"on","_et_pb_old_content":"","_et_gb_content_width":"","footnotes":""},"class_list":["post-3234","page","type-page","status-publish","hentry"],"_links":{"self":[{"href":"https:\/\/www.kplr.mx\/k\/wp-json\/wp\/v2\/pages\/3234"}],"collection":[{"href":"https:\/\/www.kplr.mx\/k\/wp-json\/wp\/v2\/pages"}],"about":[{"href":"https:\/\/www.kplr.mx\/k\/wp-json\/wp\/v2\/types\/page"}],"author":[{"embeddable":true,"href":"https:\/\/www.kplr.mx\/k\/wp-json\/wp\/v2\/users\/2"}],"replies":[{"embeddable":true,"href":"https:\/\/www.kplr.mx\/k\/wp-json\/wp\/v2\/comments?post=3234"}],"version-history":[{"count":14,"href":"https:\/\/www.kplr.mx\/k\/wp-json\/wp\/v2\/pages\/3234\/revisions"}],"predecessor-version":[{"id":27266,"href":"https:\/\/www.kplr.mx\/k\/wp-json\/wp\/v2\/pages\/3234\/revisions\/27266"}],"wp:attachment":[{"href":"https:\/\/www.kplr.mx\/k\/wp-json\/wp\/v2\/media?parent=3234"}],"curies":[{"name":"wp","href":"https:\/\/api.w.org\/{rel}","templated":true}]}}